{"id":34,"date":"2018-12-27T20:13:56","date_gmt":"2018-12-27T19:13:56","guid":{"rendered":"http:\/\/www.2kmc.de\/?page_id=34"},"modified":"2022-09-05T17:15:18","modified_gmt":"2022-09-05T15:15:18","slug":"datenschutz","status":"publish","type":"page","link":"https:\/\/www.2kmc.de\/en\/datenschutz\/","title":{"rendered":"Data protection"},"content":{"rendered":"<div data-elementor-type=\"wp-post\" data-elementor-id=\"34\" class=\"elementor elementor-34\" data-elementor-post-type=\"page\">\n\t\t\t\t\t\t<section class=\"elementor-section elementor-top-section elementor-element elementor-element-b8480da elementor-section-full_width elementor-section-height-default elementor-section-height-default\" data-id=\"b8480da\" data-element_type=\"section\" data-settings=\"{&quot;background_background&quot;:&quot;video&quot;,&quot;jet_parallax_layout_list&quot;:[{&quot;jet_parallax_layout_image&quot;:{&quot;url&quot;:&quot;&quot;,&quot;id&quot;:&quot;&quot;,&quot;size&quot;:&quot;&quot;},&quot;_id&quot;:&quot;a9ec613&quot;,&quot;jet_parallax_layout_speed&quot;:{&quot;unit&quot;:&quot;%&quot;,&quot;size&quot;:50,&quot;sizes&quot;:[]},&quot;jet_parallax_layout_image_tablet&quot;:{&quot;url&quot;:&quot;&quot;,&quot;id&quot;:&quot;&quot;,&quot;size&quot;:&quot;&quot;},&quot;jet_parallax_layout_image_mobile&quot;:{&quot;url&quot;:&quot;&quot;,&quot;id&quot;:&quot;&quot;,&quot;size&quot;:&quot;&quot;},&quot;jet_parallax_layout_type&quot;:&quot;scroll&quot;,&quot;jet_parallax_layout_direction&quot;:null,&quot;jet_parallax_layout_fx_direction&quot;:null,&quot;jet_parallax_layout_z_index&quot;:&quot;&quot;,&quot;jet_parallax_layout_bg_x&quot;:50,&quot;jet_parallax_layout_bg_x_tablet&quot;:&quot;&quot;,&quot;jet_parallax_layout_bg_x_mobile&quot;:&quot;&quot;,&quot;jet_parallax_layout_bg_y&quot;:50,&quot;jet_parallax_layout_bg_y_tablet&quot;:&quot;&quot;,&quot;jet_parallax_layout_bg_y_mobile&quot;:&quot;&quot;,&quot;jet_parallax_layout_bg_size&quot;:&quot;auto&quot;,&quot;jet_parallax_layout_bg_size_tablet&quot;:&quot;&quot;,&quot;jet_parallax_layout_bg_size_mobile&quot;:&quot;&quot;,&quot;jet_parallax_layout_animation_prop&quot;:&quot;transform&quot;,&quot;jet_parallax_layout_on&quot;:[&quot;desktop&quot;,&quot;tablet&quot;]}]}\">\n\t\t\t\t\t\t\t<div class=\"elementor-background-overlay\"><\/div>\n\t\t\t\t\t\t\t<div class=\"elementor-container elementor-column-gap-default\">\n\t\t\t\t\t<div class=\"elementor-column elementor-col-100 elementor-top-column elementor-element elementor-element-83446bc\" data-id=\"83446bc\" data-element_type=\"column\">\n\t\t\t<div class=\"elementor-widget-wrap elementor-element-populated\">\n\t\t\t\t\t\t<section class=\"elementor-section elementor-inner-section elementor-element elementor-element-a36a7d4 elementor-section-full_width elementor-section-height-default elementor-section-height-default\" data-id=\"a36a7d4\" data-element_type=\"section\" data-settings=\"{&quot;jet_parallax_layout_list&quot;:[{&quot;jet_parallax_layout_image&quot;:{&quot;url&quot;:&quot;&quot;,&quot;id&quot;:&quot;&quot;,&quot;size&quot;:&quot;&quot;},&quot;_id&quot;:&quot;0eee5b4&quot;,&quot;jet_parallax_layout_speed&quot;:{&quot;unit&quot;:&quot;%&quot;,&quot;size&quot;:50,&quot;sizes&quot;:[]},&quot;jet_parallax_layout_image_tablet&quot;:{&quot;url&quot;:&quot;&quot;,&quot;id&quot;:&quot;&quot;,&quot;size&quot;:&quot;&quot;},&quot;jet_parallax_layout_image_mobile&quot;:{&quot;url&quot;:&quot;&quot;,&quot;id&quot;:&quot;&quot;,&quot;size&quot;:&quot;&quot;},&quot;jet_parallax_layout_type&quot;:&quot;scroll&quot;,&quot;jet_parallax_layout_direction&quot;:null,&quot;jet_parallax_layout_fx_direction&quot;:null,&quot;jet_parallax_layout_z_index&quot;:&quot;&quot;,&quot;jet_parallax_layout_bg_x&quot;:50,&quot;jet_parallax_layout_bg_x_tablet&quot;:&quot;&quot;,&quot;jet_parallax_layout_bg_x_mobile&quot;:&quot;&quot;,&quot;jet_parallax_layout_bg_y&quot;:50,&quot;jet_parallax_layout_bg_y_tablet&quot;:&quot;&quot;,&quot;jet_parallax_layout_bg_y_mobile&quot;:&quot;&quot;,&quot;jet_parallax_layout_bg_size&quot;:&quot;auto&quot;,&quot;jet_parallax_layout_bg_size_tablet&quot;:&quot;&quot;,&quot;jet_parallax_layout_bg_size_mobile&quot;:&quot;&quot;,&quot;jet_parallax_layout_animation_prop&quot;:&quot;transform&quot;,&quot;jet_parallax_layout_on&quot;:[&quot;desktop&quot;,&quot;tablet&quot;]}]}\">\n\t\t\t\t\t\t<div class=\"elementor-container elementor-column-gap-default\">\n\t\t\t\t\t<div class=\"elementor-column elementor-col-100 elementor-inner-column elementor-element elementor-element-067f8d4\" data-id=\"067f8d4\" data-element_type=\"column\">\n\t\t\t<div class=\"elementor-widget-wrap elementor-element-populated\">\n\t\t\t\t\t\t<div class=\"elementor-element elementor-element-a2f3939 elementor-widget elementor-widget-text-editor\" data-id=\"a2f3939\" data-element_type=\"widget\" data-widget_type=\"text-editor.default\">\n\t\t\t\t<div class=\"elementor-widget-container\">\n\t\t\t\t\t\t\t<h1><span style=\"color: #ffffff; font-size: 40px;\">Data protection<\/span><\/h1>\t\t\t\t\t\t<\/div>\n\t\t\t\t<\/div>\n\t\t\t\t\t<\/div>\n\t\t<\/div>\n\t\t\t\t\t<\/div>\n\t\t<\/section>\n\t\t\t\t\t<\/div>\n\t\t<\/div>\n\t\t\t\t\t<\/div>\n\t\t<\/section>\n\t\t\t\t<section class=\"elementor-section elementor-top-section elementor-element elementor-element-b945394 elementor-section-boxed elementor-section-height-default elementor-section-height-default\" data-id=\"b945394\" data-element_type=\"section\" data-settings=\"{&quot;jet_parallax_layout_list&quot;:[{&quot;jet_parallax_layout_image&quot;:{&quot;url&quot;:&quot;&quot;,&quot;id&quot;:&quot;&quot;,&quot;size&quot;:&quot;&quot;},&quot;_id&quot;:&quot;1ec30bf&quot;,&quot;jet_parallax_layout_speed&quot;:{&quot;unit&quot;:&quot;%&quot;,&quot;size&quot;:50,&quot;sizes&quot;:[]},&quot;jet_parallax_layout_image_tablet&quot;:{&quot;url&quot;:&quot;&quot;,&quot;id&quot;:&quot;&quot;,&quot;size&quot;:&quot;&quot;},&quot;jet_parallax_layout_image_mobile&quot;:{&quot;url&quot;:&quot;&quot;,&quot;id&quot;:&quot;&quot;,&quot;size&quot;:&quot;&quot;},&quot;jet_parallax_layout_type&quot;:&quot;scroll&quot;,&quot;jet_parallax_layout_direction&quot;:null,&quot;jet_parallax_layout_fx_direction&quot;:null,&quot;jet_parallax_layout_z_index&quot;:&quot;&quot;,&quot;jet_parallax_layout_bg_x&quot;:50,&quot;jet_parallax_layout_bg_x_tablet&quot;:&quot;&quot;,&quot;jet_parallax_layout_bg_x_mobile&quot;:&quot;&quot;,&quot;jet_parallax_layout_bg_y&quot;:50,&quot;jet_parallax_layout_bg_y_tablet&quot;:&quot;&quot;,&quot;jet_parallax_layout_bg_y_mobile&quot;:&quot;&quot;,&quot;jet_parallax_layout_bg_size&quot;:&quot;auto&quot;,&quot;jet_parallax_layout_bg_size_tablet&quot;:&quot;&quot;,&quot;jet_parallax_layout_bg_size_mobile&quot;:&quot;&quot;,&quot;jet_parallax_layout_animation_prop&quot;:&quot;transform&quot;,&quot;jet_parallax_layout_on&quot;:[&quot;desktop&quot;,&quot;tablet&quot;]}]}\">\n\t\t\t\t\t\t<div class=\"elementor-container elementor-column-gap-default\">\n\t\t\t\t\t<div class=\"elementor-column elementor-col-100 elementor-top-column elementor-element elementor-element-126ae8e\" data-id=\"126ae8e\" data-element_type=\"column\">\n\t\t\t<div class=\"elementor-widget-wrap elementor-element-populated\">\n\t\t\t\t\t\t<div class=\"elementor-element elementor-element-afeab11 elementor-widget elementor-widget-text-editor\" data-id=\"afeab11\" data-element_type=\"widget\" data-widget_type=\"text-editor.default\">\n\t\t\t\t<div class=\"elementor-widget-container\">\n\t\t\t\t\t\t\t<h1>Privacy policy according to European law (EU-DSGVO)<\/h1><h2>1. Privacy at a glance<\/h2><h3>General information<\/h3><div>The following notes give a simple overview of what happens to your personal information when you visit our website. Personal data is any data that personally identifies you. Detailed information on the subject of data protection can be found in our privacy policy listed under this text.<\/div><div>\u00a0<\/div><h3>Data collection on our website<\/h3><h4>Who is responsible for the data collection on this website?<\/h4><div><p>The data processing on this website is carried out by the website operator. Its contact details can be found in the imprint of this website.<\/p><\/div><h4>How do we collect your data?<\/h4><div>We do not collect personal data, e.g. through a contact form. Tracking is also not performed.<\/div><div>Some data are captured automatically by our IT systems when visiting the website. These are above all technical data (for example Internet browser, operating system or time of the page request). The collection of this information is automatic as soon as you enter our website.<\/div><div>\u00a0<\/div><h4>What do we use your data for?<\/h4><div><p>Part of the data is collected to ensure a flawless provision of the website. Other data can be used to analyze user behavior.<\/p><\/div><h4>What rights do you have regarding your data?<\/h4><div><p>At any time you have the right to obtain free information about the origin, recipient and purpose of your stored personal data.<br \/>You also have a right to request the correction, blocking or deletion of this data. For this purpose and for further questions about data protection, you can contact us at any time at the address given in the imprint. Furthermore, you have a right of appeal to the competent supervisory authority.<\/p><p>However we do not store any personal data.<\/p><\/div><div>\u00a0<\/div><h2>2. General comments  and mandatory information<\/h2><h3>Data protection<\/h3><div>The operators of these pages take the protection of your personal data very seriously. We treat personal data confidentially and in accordance with the statutory data protection regulations and this privacy policy.<\/div><div>If you use this website, no personal data will be collected. Personal information is information that personally identifies you. This Privacy Policy explains what information we collect and what we use it for.<\/div><div>Please note that data transmission over the Internet (for example, when communicating by e-mail) may have security vulnerabilities. A complete protection of the data from access by third parties is not possible.<\/div><div>\u00a0<\/div><h3>Note on the responsible authority<\/h3><div>The responsible entity for the data processing of this website is:<\/div><div>2K Mediaconsulting e.K.<\/div><div>Bahnhofstra\u00dfe 4<\/div><div>D-29342 Wienhausen<\/div><div>Owner: Konrad Kraemer<\/div><div>phone: +49 5149 \/ 18 65 81<\/div><div><p>E-Mail: info@2kmc.de<\/p><\/div><div><p>Responsible entity is the natural or legal person who, alone or in concert with others, decides on the purposes and means of processing personal data (such as names, e-mail addresses, etc.).<\/p><h3 style=\"font-variant-ligatures: normal; font-variant-caps: normal; font-style: normal;\">SSL- bzw. TLS-Verschl\u00fcsselung<\/h3><div style=\"font-variant-ligatures: normal; font-variant-caps: normal; font-family: Roboto, sans-serif; font-size: 16px; font-style: normal; font-weight: 400;\"><p style=\"font-size: 16px;\">Diese Seite nutzt aus Sicherheitsgru\u0308nden und zum Schutz der U\u0308bertragung vertraulicher Inhalte, wie zum Beispiel Bestellungen oder Anfragen, die Sie an uns als Seitenbetreiber senden, eine SSL- bzw. TLS- Verschlu\u0308sselung. Eine verschlu\u0308sselte Verbindung erkennen Sie daran, dass die Adresszeile des Browsers von \u201ehttp:\/\/\u201c auf \u201ehttps:\/\/\u201c wechselt und an dem Schloss-Symbol in Ihrer Browserzeile. Wenn die SSL- bzw. TLS-Verschlu\u0308sselung aktiviert ist, ko\u0308nnen die Daten, die Sie an uns u\u0308bermitteln, nicht von Dritten mitgelesen werden.<\/p><\/div><p><span style=\"color: #333333; font-family: 'Roboto Condensed'; font-size: 22px; font-weight: 600;\">Revocation of your consent to data processing<\/span><\/p><\/div><div><p>Many data processing operations are only possible with your express consent. You can revoke an existing consent at any time. An informal message by e-mail to us is sufficient. The legality of the data processing carried out until the revocation remains unaffected by the revocation.<\/p><\/div><h3>Right of appeal to the competent supervisory authority<\/h3><div><p>In the case of violations of data protection law, the person concerned has the right of appeal to the competent supervisory authority. The competent supervisory authority in matters of data protection law is the state data protection officer of the federal state in which our company is based. A list of the data protection officers as well as their contact data can be taken from the following link: https:\/\/www.bfdi.bund.de\/DE\/Infothek\/Anschriften_Links\/anschriften_links-node.html.<\/p><\/div><h3>Right to data portability<\/h3><div><p>You have the right to have data that we process on the basis of your consent or in fulfillment of a contract automatically, in itself or to a third party in a standard, machine-readable format. If you require the direct transfer of data to another person in charge, this will only be done to the extent technically feasible.<\/p><\/div><h3>Information, blocking, deletion<\/h3><div><p>Within the scope of the applicable legal provisions, you have the right at any time to provide free information about your stored personal data, their origin and recipient and the purpose of the data processing and, if necessary, a right to correct, block or delete this data. For further information on personal data, please contact us at any time at the address given in the imprint.<\/p><\/div><h2>3. Contradiction against promotional emails<\/h2><div><p>The use of published contact information in the context of the imprint obligation for sending unsolicited promotion and information materials is hereby rejected. The operators of the pages expressly reserve the right to take legal action in the event of the unsolicited sending of promotion information, for example through spam e-mails.<\/p><\/div><h2>4. Data collection on our website<\/h2><h3>Server log files<\/h3><div>The provider of the pages automatically collects and stores information in so-called server log files, which your browser automatically transmits to us. These are:<\/div><ul><li>Browser type and browser version<\/li><li>used operating system<\/li><li>Referrer URL<\/li><li>Host name of the accessing computer<\/li><li>Time of the server request<\/li><li>IP address<\/li><\/ul><div><h3 style=\"font-variant-caps: normal; font-style: normal;\">Security log files<\/h3><div style=\"font-variant-caps: normal; font-family: Roboto, sans-serif; font-size: 16px; font-style: normal;\">The IP address of visitors, user ID of logged in users, and username of login attempts are conditionally logged to check for malicious activity and to protect the site from specific kinds of attacks. Examples of conditions when logging occurs include login attempts, log out requests, requests for suspicious URLs, changes to site content, and password updates. This information is retained for 180 days.<\/div><\/div><div>\u00a0<\/div><div>A merge of these log data with other data sources is not performed. These data are collected to help us optimize our website and to prevent hacker attacks.<\/div><div>The basis for data processing is Art. 6 para. 1 lit. f DSGVO, which allows the processing of data to fulfill a contract or pre-contractual measures.<\/div><p>\u00a0<\/p><div><h3>Anfrage per E-Mail, Telefon oder Telefax<br \/><br \/><span style=\"color: #7a7a7a; font-family: Roboto, sans-serif;\"><span style=\"font-size: 16px; font-weight: 400;\">Wenn Sie uns per E-Mail, Telefon oder Telefax kontaktieren, wird Ihre Anfrage inklusive aller daraus hervorgehenden personenbezogenen Daten (Name, Anfrage) zum Zwecke der Bearbeitung Ihres Anliegens bei uns gespeichert und verarbeitet. Diese Daten geben wir nicht ohne Ihre Einwilligung weiter. <br \/><br \/>Die Verarbeitung dieser Daten erfolgt auf Grundlage von Art. 6 Abs. 1 lit. b DSGVO, sofern Ihre Anfrage mit der Erfu\u0308llung eines Vertrags zusammenha\u0308ngt oder zur Durchfu\u0308hrung vorvertraglicher Ma\u00dfnahmen erforderlich ist. In allen u\u0308brigen Fa\u0308llen beruht die Verarbeitung auf unserem berechtigten Interesse an der effektiven Bearbeitung der an uns gerichteten Anfragen (Art. 6 Abs. 1 lit. f DSGVO) oder auf Ihrer Einwilligung (Art. 6 Abs. 1 lit. a DSGVO) sofern diese abgefragt wurde.<br \/><br \/>Die von Ihnen an uns per Kontaktanfragen u\u0308bersandten Daten verbleiben bei uns, bis Sie uns zur Lo\u0308schung auffordern, Ihre Einwilligung zur Speicherung widerrufen oder der Zweck fu\u0308r die Datenspeicherung entfa\u0308llt (z. B. nach abgeschlossener Bearbeitung Ihres Anliegens). Zwingende gesetzliche Bestimmungen \u2013 insbesondere gesetzliche Aufbewahrungsfristen \u2013 bleiben unberu\u0308hrt.<\/span><\/span><\/h3><\/div><div>\u00a0<\/div><h2>5. Analysis tools and promotion<\/h2><div><p>We do not use analysis tools and do not send ads without being asked.<\/p><\/div><h2>6. Plugins and tools<\/h2><h3>Google Fonts (lokales Hosting)<\/h3><div>Diese Seite nutzt zur einheitlichen Darstellung von Schriftarten so genannte Google Fonts, welche lokal von unserem Server bereitgestellt werden. Beim Aufruf einer Seite l\u00e4dt Ihr Browser die ben\u00f6tigten Web Fonts in ihren Browsercache, um Texte und Schriftarten korrekt anzuzeigen.<span style=\"font-size: 16px; color: var( --e-global-color-text );\">If your browser does not support web fonts, a default font will be used by your computer.\u00a0<\/span><span style=\"font-size: 16px; color: var( --e-global-color-text );\">For more information about Google Web Fonts, see <\/span><a style=\"font-size: 16px; background-color: #ffffff;\" href=\"https:\/\/developers.google.com\/fonts\/faq\" target=\"_blank\" rel=\"noopener\">https:\/\/developers.google.com\/fonts\/faq<\/a><\/div><p><br \/>Quelle: e-recht24.de<\/p>\t\t\t\t\t\t<\/div>\n\t\t\t\t<\/div>\n\t\t\t\t\t<\/div>\n\t\t<\/div>\n\t\t\t\t\t<\/div>\n\t\t<\/section>\n\t\t\t\t<\/div>","protected":false},"excerpt":{"rendered":"<p>Datenschutz Datenschutzerkl\u00e4rung 1. Datenschutz auf einen Blick Allgemeine Hinweise Die folgenden Hinweise geben einen einfachen \u00dcberblick dar\u00fcber, was mit Ihren personenbezogenen Daten passiert, wenn Sie unsere Website besuchen. Personenbezogene Daten sind alle Daten, mit denen Sie pers\u00f6nlich identifiziert werden k\u00f6nnen. Ausf\u00fchrliche Informationen zum Thema Datenschutz entnehmen Sie unserer unter diesem Text aufgef\u00fchrten Datenschutzerkl\u00e4rung.\u00a0 Datenerfassung auf [&hellip;]<\/p>","protected":false},"author":1,"featured_media":0,"parent":0,"menu_order":0,"comment_status":"closed","ping_status":"closed","template":"elementor_header_footer","meta":{"ocean_post_layout":"full-width","ocean_both_sidebars_style":"","ocean_both_sidebars_content_width":0,"ocean_both_sidebars_sidebars_width":0,"ocean_sidebar":"0","ocean_second_sidebar":"0","ocean_disable_margins":"enable","ocean_add_body_class":"","ocean_shortcode_before_top_bar":"","ocean_shortcode_after_top_bar":"","ocean_shortcode_before_header":"","ocean_shortcode_after_header":"","ocean_has_shortcode":"","ocean_shortcode_after_title":"","ocean_shortcode_before_footer_widgets":"","ocean_shortcode_after_footer_widgets":"","ocean_shortcode_before_footer_bottom":"","ocean_shortcode_after_footer_bottom":"","ocean_display_top_bar":"off","ocean_display_header":"default","ocean_header_style":"","ocean_center_header_left_menu":"0","ocean_custom_header_template":"0","ocean_custom_logo":0,"ocean_custom_retina_logo":0,"ocean_custom_logo_max_width":0,"ocean_custom_logo_tablet_max_width":0,"ocean_custom_logo_mobile_max_width":0,"ocean_custom_logo_max_height":0,"ocean_custom_logo_tablet_max_height":0,"ocean_custom_logo_mobile_max_height":0,"ocean_header_custom_menu":"0","ocean_menu_typo_font_family":"0","ocean_menu_typo_font_subset":"","ocean_menu_typo_font_size":0,"ocean_menu_typo_font_size_tablet":0,"ocean_menu_typo_font_size_mobile":0,"ocean_menu_typo_font_size_unit":"px","ocean_menu_typo_font_weight":"","ocean_menu_typo_font_weight_tablet":"","ocean_menu_typo_font_weight_mobile":"","ocean_menu_typo_transform":"","ocean_menu_typo_transform_tablet":"","ocean_menu_typo_transform_mobile":"","ocean_menu_typo_line_height":0,"ocean_menu_typo_line_height_tablet":0,"ocean_menu_typo_line_height_mobile":0,"ocean_menu_typo_line_height_unit":"","ocean_menu_typo_spacing":0,"ocean_menu_typo_spacing_tablet":0,"ocean_menu_typo_spacing_mobile":0,"ocean_menu_typo_spacing_unit":"","ocean_menu_link_color":"","ocean_menu_link_color_hover":"","ocean_menu_link_color_active":"","ocean_menu_link_background":"","ocean_menu_link_hover_background":"","ocean_menu_link_active_background":"","ocean_menu_social_links_bg":"","ocean_menu_social_hover_links_bg":"","ocean_menu_social_links_color":"","ocean_menu_social_hover_links_color":"","ocean_disable_title":"on","ocean_disable_heading":"default","ocean_post_title":"","ocean_post_subheading":"","ocean_post_title_style":"","ocean_post_title_background_color":"","ocean_post_title_background":0,"ocean_post_title_bg_image_position":"","ocean_post_title_bg_image_attachment":"","ocean_post_title_bg_image_repeat":"","ocean_post_title_bg_image_size":"","ocean_post_title_height":0,"ocean_post_title_bg_overlay":0.5,"ocean_post_title_bg_overlay_color":"","ocean_disable_breadcrumbs":"default","ocean_breadcrumbs_color":"","ocean_breadcrumbs_separator_color":"","ocean_breadcrumbs_links_color":"","ocean_breadcrumbs_links_hover_color":"","ocean_display_footer_widgets":"off","ocean_display_footer_bottom":"on","ocean_custom_footer_template":"0","footnotes":""},"class_list":["post-34","page","type-page","status-publish","hentry","entry"],"_links":{"self":[{"href":"https:\/\/www.2kmc.de\/en\/wp-json\/wp\/v2\/pages\/34","targetHints":{"allow":["GET"]}}],"collection":[{"href":"https:\/\/www.2kmc.de\/en\/wp-json\/wp\/v2\/pages"}],"about":[{"href":"https:\/\/www.2kmc.de\/en\/wp-json\/wp\/v2\/types\/page"}],"author":[{"embeddable":true,"href":"https:\/\/www.2kmc.de\/en\/wp-json\/wp\/v2\/users\/1"}],"replies":[{"embeddable":true,"href":"https:\/\/www.2kmc.de\/en\/wp-json\/wp\/v2\/comments?post=34"}],"version-history":[{"count":0,"href":"https:\/\/www.2kmc.de\/en\/wp-json\/wp\/v2\/pages\/34\/revisions"}],"wp:attachment":[{"href":"https:\/\/www.2kmc.de\/en\/wp-json\/wp\/v2\/media?parent=34"}],"curies":[{"name":"wp","href":"https:\/\/api.w.org\/{rel}","templated":true}]}}